{"id":117,"date":"2021-07-15T21:14:28","date_gmt":"2021-07-15T21:14:28","guid":{"rendered":"http:\/\/diyinsumos.com\/?post_type=product&#038;p=117"},"modified":"2021-12-28T20:56:41","modified_gmt":"2021-12-28T20:56:41","slug":"mosqueton-con-argolla","status":"publish","type":"product","link":"https:\/\/diyinsumos.com\/index.php\/product\/mosqueton-con-argolla\/","title":{"rendered":"12 Juegos de Mosquet\u00f3n  con Argolla"},"content":{"rendered":"<p>Crea elegantes llaveros con nuestros mosquetones met\u00e1licos, son super resistentes. Tambi\u00e9n puedes utilizarlos para bolsos y carteras.<\/p>\n<p>Medidas: 2.5cm x 4.5 mosquet\u00f3n\/ 2.5diametro argolla.<\/p>\n","protected":false},"excerpt":{"rendered":"<p>12 Pack de Mosquetones 2.5cm x 4.5cm met\u00e1licos con argollas para llaves.<\/p>\n","protected":false},"featured_media":118,"comment_status":"open","ping_status":"closed","template":"","meta":{"om_disable_all_campaigns":false,"_monsterinsights_skip_tracking":false,"_monsterinsights_sitenote_active":false,"_monsterinsights_sitenote_note":"","_monsterinsights_sitenote_category":0},"product_brand":[],"product_cat":[17],"product_tag":[44,25,24,42,40],"class_list":{"0":"post-117","1":"product","2":"type-product","3":"status-publish","4":"has-post-thumbnail","6":"product_cat-marroquineria","7":"product_tag-argolla","8":"product_tag-cuero","9":"product_tag-handmade","10":"product_tag-herraje","11":"product_tag-llavero","13":"first","14":"instock","15":"shipping-taxable","16":"purchasable","17":"product-type-simple"},"aioseo_notices":[],"jetpack-related-posts":[],"jetpack_sharing_enabled":true,"_links":{"self":[{"href":"https:\/\/diyinsumos.com\/index.php\/wp-json\/wp\/v2\/product\/117","targetHints":{"allow":["GET"]}}],"collection":[{"href":"https:\/\/diyinsumos.com\/index.php\/wp-json\/wp\/v2\/product"}],"about":[{"href":"https:\/\/diyinsumos.com\/index.php\/wp-json\/wp\/v2\/types\/product"}],"replies":[{"embeddable":true,"href":"https:\/\/diyinsumos.com\/index.php\/wp-json\/wp\/v2\/comments?post=117"}],"wp:featuredmedia":[{"embeddable":true,"href":"https:\/\/diyinsumos.com\/index.php\/wp-json\/wp\/v2\/media\/118"}],"wp:attachment":[{"href":"https:\/\/diyinsumos.com\/index.php\/wp-json\/wp\/v2\/media?parent=117"}],"wp:term":[{"taxonomy":"product_brand","embeddable":true,"href":"https:\/\/diyinsumos.com\/index.php\/wp-json\/wp\/v2\/product_brand?post=117"},{"taxonomy":"product_cat","embeddable":true,"href":"https:\/\/diyinsumos.com\/index.php\/wp-json\/wp\/v2\/product_cat?post=117"},{"taxonomy":"product_tag","embeddable":true,"href":"https:\/\/diyinsumos.com\/index.php\/wp-json\/wp\/v2\/product_tag?post=117"}],"curies":[{"name":"wp","href":"https:\/\/api.w.org\/{rel}","templated":true}]}}