{"id":200,"date":"2021-07-30T17:36:38","date_gmt":"2021-07-30T17:36:38","guid":{"rendered":"https:\/\/diyinsumos.com\/?post_type=product&#038;p=200"},"modified":"2022-02-23T18:25:06","modified_gmt":"2022-02-23T18:25:06","slug":"bolsas-de-embalaje-10x13in","status":"publish","type":"product","link":"https:\/\/diyinsumos.com\/index.php\/product\/bolsas-de-embalaje-10x13in\/","title":{"rendered":"50 Bolsas de Embalaje 10x13in"},"content":{"rendered":"<p><span class=\"a-list-item\">Sobres de polietileno resistentes al desgarro e impermeables: hechas de material de poli\u00e9ster de alta calidad, las bolsas de polietileno son resistentes y duraderas. Las bolsas de env\u00edo son a prueba de desgarros, as\u00ed que protegen tu producto de ser rasgado durante el transporte, y son resistentes al agua, evitando que tu producto se humedezca.<\/span><\/p>\n<p>Los sobres de polietileno sin acolchado son adecuados para ropa, etc. Puedes escribir o pegar adhesivos postales en la superficie de los sobres de env\u00edo f\u00e1cilmente.<\/p>\n<p>Los sobres de polietileno duraderos integran la bolsa y la cinta, lo que mejora enormemente la eficiencia del embalaje. Y el forro gris de las bolsas de polietileno puede mejorar la privacidad del producto. Adem\u00e1s, estos sobres de env\u00edo son resistentes a la manipulaci\u00f3n por su fuerte adhesivo, reduciendo el riesgo de robar mercanc\u00edas.<\/p>\n","protected":false},"excerpt":{"rendered":"<p>Sobres de embalaje de Polietileno de <strong>10.0 x 13.0 pulgadas<\/strong> con pegamento para cierre. <strong>50 Unidades<\/strong>. Estos sobres son una soluci\u00f3n de env\u00edo fiable que garantiza la seguridad del producto.<\/p>\n","protected":false},"featured_media":201,"comment_status":"open","ping_status":"closed","template":"","meta":{"om_disable_all_campaigns":false,"_monsterinsights_skip_tracking":false,"_monsterinsights_sitenote_active":false,"_monsterinsights_sitenote_note":"","_monsterinsights_sitenote_category":0},"product_brand":[],"product_cat":[21],"product_tag":[64,23,62,65,63],"class_list":{"0":"post-200","1":"product","2":"type-product","3":"status-publish","4":"has-post-thumbnail","6":"product_cat-empaques","7":"product_tag-bolsas","8":"product_tag-diy","9":"product_tag-embalaje","10":"product_tag-envio","11":"product_tag-sobres","13":"first","14":"outofstock","15":"shipping-taxable","16":"purchasable","17":"product-type-simple"},"aioseo_notices":[],"jetpack-related-posts":[],"jetpack_sharing_enabled":true,"_links":{"self":[{"href":"https:\/\/diyinsumos.com\/index.php\/wp-json\/wp\/v2\/product\/200","targetHints":{"allow":["GET"]}}],"collection":[{"href":"https:\/\/diyinsumos.com\/index.php\/wp-json\/wp\/v2\/product"}],"about":[{"href":"https:\/\/diyinsumos.com\/index.php\/wp-json\/wp\/v2\/types\/product"}],"replies":[{"embeddable":true,"href":"https:\/\/diyinsumos.com\/index.php\/wp-json\/wp\/v2\/comments?post=200"}],"wp:featuredmedia":[{"embeddable":true,"href":"https:\/\/diyinsumos.com\/index.php\/wp-json\/wp\/v2\/media\/201"}],"wp:attachment":[{"href":"https:\/\/diyinsumos.com\/index.php\/wp-json\/wp\/v2\/media?parent=200"}],"wp:term":[{"taxonomy":"product_brand","embeddable":true,"href":"https:\/\/diyinsumos.com\/index.php\/wp-json\/wp\/v2\/product_brand?post=200"},{"taxonomy":"product_cat","embeddable":true,"href":"https:\/\/diyinsumos.com\/index.php\/wp-json\/wp\/v2\/product_cat?post=200"},{"taxonomy":"product_tag","embeddable":true,"href":"https:\/\/diyinsumos.com\/index.php\/wp-json\/wp\/v2\/product_tag?post=200"}],"curies":[{"name":"wp","href":"https:\/\/api.w.org\/{rel}","templated":true}]}}