{"id":203,"date":"2021-07-30T18:03:04","date_gmt":"2021-07-30T18:03:04","guid":{"rendered":"https:\/\/diyinsumos.com\/?post_type=product&#038;p=203"},"modified":"2021-12-28T20:35:04","modified_gmt":"2021-12-28T20:35:04","slug":"impresora-termica-de-etiquetas","status":"publish","type":"product","link":"https:\/\/diyinsumos.com\/index.php\/product\/impresora-termica-de-etiquetas\/","title":{"rendered":"Impresora T\u00e9rmica de Etiquetas"},"content":{"rendered":"<p><span class=\"a-list-item\">La tecnolog\u00eda de impresi\u00f3n t\u00e9rmica elimina la necesidad de costosas impresoras a tinta o t\u00f3ner.\u00a0<\/span><span class=\"a-list-item\">Personaliza e imprime etiquetas de direcciones, carpeta de archivo y etiquetas de c\u00f3digos de barras; adem\u00e1s de distintivos de identificaci\u00f3n y m\u00e1s con el software de DYMO Label. Haz todo desde tu PC o Mac. Consulte el manual de instrucciones para conocer los pasos de soluci\u00f3n de problemas.<\/span><\/p>\n<p>Fabricante: <strong>Dymo-CoStar Corp<\/strong><\/p>\n<p>Marca: \u200e<strong>DYMO<\/strong><\/p>\n<p>Peso: <strong>2.2 libras<\/strong><\/p>\n<p>Dimensiones: <strong>7.25 x 4.87 x 5.75 pulgadas<\/strong><\/p>\n<p>Color: <strong>Black\/silver<\/strong><\/p>\n<p>Color de Tinta: <strong>Black<\/strong><\/p>\n<p>Ver: <span style=\"color: #ff0000\"><strong><a style=\"color: #ff0000\" href=\"http:\/\/diyinsumos.com\/wp-content\/uploads\/2021\/07\/Manual-de-Usuario.pdf\">Manual de Usuario<\/a><\/strong><\/span><\/p>\n<p>Ver: <span style=\"color: #ff0000\"><a style=\"color: #ff0000\" href=\"http:\/\/diyinsumos.com\/wp-content\/uploads\/2021\/07\/Hoja-de-Especificaciones.pdf\"><strong>Hoja de Especificaciones<\/strong><\/a><\/span><\/p>\n","protected":false},"excerpt":{"rendered":"<p>Impresora t\u00e9rmica de etiquetas LaberWriter 450 de DYMO,\u00a0<span class=\"a-list-item\">Compatible con Windows\u00ae 7 o posterior, y Mac OS\u00ae X v10.8 o posterior.\u00a0<\/span><span class=\"a-list-item\">Imprime c\u00f3digos de barras, etiquetas y gr\u00e1ficos n\u00edtidos con resoluci\u00f3n 600 x 300 dpi. Crea etiquetas directamente desde texto en Microsoft Word, Excel, Outlook, QuickBooks y otros programas; imprime f\u00e1cilmente direcciones de contactos de Outlook o direcciones de MAC Book.<\/span><\/p>\n","protected":false},"featured_media":204,"comment_status":"open","ping_status":"closed","template":"","meta":{"om_disable_all_campaigns":false,"_monsterinsights_skip_tracking":false,"_monsterinsights_sitenote_active":false,"_monsterinsights_sitenote_note":"","_monsterinsights_sitenote_category":0},"product_brand":[],"product_cat":[21],"product_tag":[68,70,67,66,69],"class_list":{"0":"post-203","1":"product","2":"type-product","3":"status-publish","4":"has-post-thumbnail","6":"product_cat-empaques","7":"product_tag-emprende","8":"product_tag-envios","9":"product_tag-etiquetas","10":"product_tag-impresora","11":"product_tag-productos","13":"first","14":"outofstock","15":"shipping-taxable","16":"purchasable","17":"product-type-simple"},"aioseo_notices":[],"jetpack-related-posts":[],"jetpack_sharing_enabled":true,"_links":{"self":[{"href":"https:\/\/diyinsumos.com\/index.php\/wp-json\/wp\/v2\/product\/203","targetHints":{"allow":["GET"]}}],"collection":[{"href":"https:\/\/diyinsumos.com\/index.php\/wp-json\/wp\/v2\/product"}],"about":[{"href":"https:\/\/diyinsumos.com\/index.php\/wp-json\/wp\/v2\/types\/product"}],"replies":[{"embeddable":true,"href":"https:\/\/diyinsumos.com\/index.php\/wp-json\/wp\/v2\/comments?post=203"}],"wp:featuredmedia":[{"embeddable":true,"href":"https:\/\/diyinsumos.com\/index.php\/wp-json\/wp\/v2\/media\/204"}],"wp:attachment":[{"href":"https:\/\/diyinsumos.com\/index.php\/wp-json\/wp\/v2\/media?parent=203"}],"wp:term":[{"taxonomy":"product_brand","embeddable":true,"href":"https:\/\/diyinsumos.com\/index.php\/wp-json\/wp\/v2\/product_brand?post=203"},{"taxonomy":"product_cat","embeddable":true,"href":"https:\/\/diyinsumos.com\/index.php\/wp-json\/wp\/v2\/product_cat?post=203"},{"taxonomy":"product_tag","embeddable":true,"href":"https:\/\/diyinsumos.com\/index.php\/wp-json\/wp\/v2\/product_tag?post=203"}],"curies":[{"name":"wp","href":"https:\/\/api.w.org\/{rel}","templated":true}]}}