{"id":209,"date":"2021-07-30T20:20:43","date_gmt":"2021-07-30T20:20:43","guid":{"rendered":"https:\/\/diyinsumos.com\/?post_type=product&#038;p=209"},"modified":"2023-01-24T16:41:21","modified_gmt":"2023-01-24T16:41:21","slug":"etiquetas-de-envio-grandes-dymo","status":"publish","type":"product","link":"https:\/\/diyinsumos.com\/index.php\/product\/etiquetas-de-envio-grandes-dymo\/","title":{"rendered":"300 Etiquetas de Env\u00edo Grandes DYMO"},"content":{"rendered":"<p>Rollo de 300 etiquetas de env\u00edo\u00a0con fuerte respaldo autoadhesivo; impresi\u00f3n con tecnolog\u00eda de impresi\u00f3n t\u00e9rmica directa no requiere tinta o t\u00f3ner. Para uso en impresoras DYMO LabelWriter 4XL, LabelWriter 450, LabelWriter Wireless, LabelWriter 450 Duo, LabelWriter 450 Turbo, LabelWriter 450 Twin Turbo, y Desktop Mailing Solution.<\/p>\n<p><span class=\"a-list-item\">Incluye 300 etiquetas: un rollo (2 5\/16 pulgadas x 4 pulgadas)<\/span><\/p>\n<p>&nbsp;<\/p>\n<p>&nbsp;<\/p>\n","protected":false},"excerpt":{"rendered":"<p>Etiquetas de Env\u00edo Grandes DYMO para impresora t\u00e9rmica de escritura de 59mm x 104mm,\u00a0<span id=\"productTitle\" class=\"a-size-large product-title-word-break\">imprimir hasta 6 l\u00edneas de direcciones, <strong>1 rollo de 300 unidades. <\/strong>Imprime directo de la impresora de etiquetas DYMO LabelWriter. Mediante un proceso de impresi\u00f3n t\u00e9rmica directa, evita la molestia de tinta o t\u00f3ner costoso. Empaquetado en rollos, puede imprimir una etiqueta de env\u00edo t\u00e9rmica o cientos con facilidad.<\/span><\/p>\n","protected":false},"featured_media":210,"comment_status":"open","ping_status":"closed","template":"","meta":{"om_disable_all_campaigns":false,"_monsterinsights_skip_tracking":false,"_monsterinsights_sitenote_active":false,"_monsterinsights_sitenote_note":"","_monsterinsights_sitenote_category":0},"product_brand":[],"product_cat":[21],"product_tag":[71,65,67,72],"class_list":{"0":"post-209","1":"product","2":"type-product","3":"status-publish","4":"has-post-thumbnail","6":"product_cat-empaques","7":"product_tag-empaque","8":"product_tag-envio","9":"product_tag-etiquetas","10":"product_tag-paquetes","12":"first","13":"outofstock","14":"sale","15":"shipping-taxable","16":"purchasable","17":"product-type-simple"},"aioseo_notices":[],"jetpack-related-posts":[],"jetpack_sharing_enabled":true,"_links":{"self":[{"href":"https:\/\/diyinsumos.com\/index.php\/wp-json\/wp\/v2\/product\/209","targetHints":{"allow":["GET"]}}],"collection":[{"href":"https:\/\/diyinsumos.com\/index.php\/wp-json\/wp\/v2\/product"}],"about":[{"href":"https:\/\/diyinsumos.com\/index.php\/wp-json\/wp\/v2\/types\/product"}],"replies":[{"embeddable":true,"href":"https:\/\/diyinsumos.com\/index.php\/wp-json\/wp\/v2\/comments?post=209"}],"wp:featuredmedia":[{"embeddable":true,"href":"https:\/\/diyinsumos.com\/index.php\/wp-json\/wp\/v2\/media\/210"}],"wp:attachment":[{"href":"https:\/\/diyinsumos.com\/index.php\/wp-json\/wp\/v2\/media?parent=209"}],"wp:term":[{"taxonomy":"product_brand","embeddable":true,"href":"https:\/\/diyinsumos.com\/index.php\/wp-json\/wp\/v2\/product_brand?post=209"},{"taxonomy":"product_cat","embeddable":true,"href":"https:\/\/diyinsumos.com\/index.php\/wp-json\/wp\/v2\/product_cat?post=209"},{"taxonomy":"product_tag","embeddable":true,"href":"https:\/\/diyinsumos.com\/index.php\/wp-json\/wp\/v2\/product_tag?post=209"}],"curies":[{"name":"wp","href":"https:\/\/api.w.org\/{rel}","templated":true}]}}