{"id":215,"date":"2021-07-30T20:57:05","date_gmt":"2021-07-30T20:57:05","guid":{"rendered":"https:\/\/diyinsumos.com\/?post_type=product&#038;p=215"},"modified":"2022-08-02T21:57:08","modified_gmt":"2022-08-02T21:57:08","slug":"adhesivos-de-agradecimiento-1-0-pulgada","status":"publish","type":"product","link":"https:\/\/diyinsumos.com\/index.php\/product\/adhesivos-de-agradecimiento-1-0-pulgada\/","title":{"rendered":"500 Adhesivos de agradecimiento &#8211;  1.0 pulgada"},"content":{"rendered":"<p>Rollo de adhesivos de agradecimiento: adhesivo redondo con 1.0 pulgada de di\u00e1metro, 500 etiquetas por rollo,\u00a0son f\u00e1ciles de despegar o pegar, no se caen f\u00e1cilmente con adhesivo de alta calidad, son ideales como opciones decorativas. con agradecimiento por apoyar mi peque\u00f1o negocio. Se pueden pegar en papel, pl\u00e1stico, metal, vidrio y mucho m\u00e1s. Perfecto para tarjetas de agradecimiento, sobres, cajas de regalo, bolsas, cartones y mucho m\u00e1s.<\/p>\n","protected":false},"excerpt":{"rendered":"<p>Adhesivos\u00a0<span class=\"a-size-large product-title-word-break\">de agradecimiento para peque\u00f1os negocios. Rollo <strong>500 unidades<\/strong> de\u00a0<\/span><span id=\"productTitle\" class=\"a-size-large product-title-word-break\">etiquetas de agradecimiento para sobres, sobres de burbujas y bolsas de regalo. Medida <strong>1 pulgada<\/strong>.\u00a0<\/span><\/p>\n","protected":false},"featured_media":216,"comment_status":"open","ping_status":"closed","template":"","meta":{"om_disable_all_campaigns":false,"_monsterinsights_skip_tracking":false,"_monsterinsights_sitenote_active":false,"_monsterinsights_sitenote_note":"","_monsterinsights_sitenote_category":0},"product_brand":[],"product_cat":[21],"product_tag":[78,71,81,80,79],"class_list":{"0":"post-215","1":"product","2":"type-product","3":"status-publish","4":"has-post-thumbnail","6":"product_cat-empaques","7":"product_tag-adhesivos","8":"product_tag-empaque","9":"product_tag-emprendedor","10":"product_tag-negocios","11":"product_tag-pegatinas","13":"first","14":"instock","15":"sale","16":"shipping-taxable","17":"purchasable","18":"product-type-variable"},"aioseo_notices":[],"jetpack-related-posts":[],"jetpack_sharing_enabled":true,"_links":{"self":[{"href":"https:\/\/diyinsumos.com\/index.php\/wp-json\/wp\/v2\/product\/215","targetHints":{"allow":["GET"]}}],"collection":[{"href":"https:\/\/diyinsumos.com\/index.php\/wp-json\/wp\/v2\/product"}],"about":[{"href":"https:\/\/diyinsumos.com\/index.php\/wp-json\/wp\/v2\/types\/product"}],"replies":[{"embeddable":true,"href":"https:\/\/diyinsumos.com\/index.php\/wp-json\/wp\/v2\/comments?post=215"}],"wp:featuredmedia":[{"embeddable":true,"href":"https:\/\/diyinsumos.com\/index.php\/wp-json\/wp\/v2\/media\/216"}],"wp:attachment":[{"href":"https:\/\/diyinsumos.com\/index.php\/wp-json\/wp\/v2\/media?parent=215"}],"wp:term":[{"taxonomy":"product_brand","embeddable":true,"href":"https:\/\/diyinsumos.com\/index.php\/wp-json\/wp\/v2\/product_brand?post=215"},{"taxonomy":"product_cat","embeddable":true,"href":"https:\/\/diyinsumos.com\/index.php\/wp-json\/wp\/v2\/product_cat?post=215"},{"taxonomy":"product_tag","embeddable":true,"href":"https:\/\/diyinsumos.com\/index.php\/wp-json\/wp\/v2\/product_tag?post=215"}],"curies":[{"name":"wp","href":"https:\/\/api.w.org\/{rel}","templated":true}]}}