{"id":234,"date":"2021-07-30T21:39:33","date_gmt":"2021-07-30T21:39:33","guid":{"rendered":"https:\/\/diyinsumos.com\/?post_type=product&#038;p=234"},"modified":"2024-04-11T19:14:36","modified_gmt":"2024-04-11T19:14:36","slug":"cortadores-de-esquinas","status":"publish","type":"product","link":"https:\/\/diyinsumos.com\/index.php\/product\/cortadores-de-esquinas\/","title":{"rendered":"Cortadores de Esquinas"},"content":{"rendered":"<p>Material resistente con hoja de acero de aleaci\u00f3n de zinc afilada, pulida suave para un corte preciso, carcasa de pl\u00e1stico ABS duradera despu\u00e9s de un procesamiento fino, no se deforma, superficie suave que se siente c\u00f3moda.<\/p>\n<p>Coloca cualquier material que necesites manejar en la ranura, empuja hacia adentro a la posici\u00f3n correcta, a continuaci\u00f3n, presiona el mango en un solo paso, f\u00e1cil y seguro de usar. Para un f\u00e1cil manejo, la parte inferior est\u00e1 dise\u00f1ada con almohadillas antideslizantes, que se pueden colocar suavemente en cualquier objeto liso o \u00e1spero sin cortar las manos.<\/p>\n<p>Corta todo tipo de papel, tales como tarjetas duras, \u00e1lbumes de recortes, fotos, tarjetas de visita, papel de aluminio, papel kraft, espuma, etc., pero el grosor es necesario, adecuado para oficina, hogar, suministros de papeler\u00eda, artes y manualidades<\/p>\n<p>&nbsp;<\/p>\n","protected":false},"excerpt":{"rendered":"<p>Cortador de esquinas de tres v\u00edas <span id=\"productTitle\" class=\"a-size-large product-title-word-break\">(R4mm+R7mm+R10mm), puede cortar radios de esquina de 0.157\u00a0in, 0.276\u00a0in, 0.394\u00a0in. \u00a0<\/span><\/p>\n","protected":false},"featured_media":235,"comment_status":"open","ping_status":"closed","template":"","meta":{"om_disable_all_campaigns":false,"_monsterinsights_skip_tracking":false,"_monsterinsights_sitenote_active":false,"_monsterinsights_sitenote_note":"","_monsterinsights_sitenote_category":0},"product_brand":[],"product_cat":[19],"product_tag":[86,87,88,84],"class_list":{"0":"post-234","1":"product","2":"type-product","3":"status-publish","4":"has-post-thumbnail","6":"product_cat-manualidades","7":"product_tag-arte","8":"product_tag-cortador","9":"product_tag-manualidad","10":"product_tag-papel","12":"first","13":"outofstock","14":"shipping-taxable","15":"purchasable","16":"product-type-simple"},"aioseo_notices":[],"jetpack-related-posts":[],"jetpack_sharing_enabled":true,"_links":{"self":[{"href":"https:\/\/diyinsumos.com\/index.php\/wp-json\/wp\/v2\/product\/234","targetHints":{"allow":["GET"]}}],"collection":[{"href":"https:\/\/diyinsumos.com\/index.php\/wp-json\/wp\/v2\/product"}],"about":[{"href":"https:\/\/diyinsumos.com\/index.php\/wp-json\/wp\/v2\/types\/product"}],"replies":[{"embeddable":true,"href":"https:\/\/diyinsumos.com\/index.php\/wp-json\/wp\/v2\/comments?post=234"}],"wp:featuredmedia":[{"embeddable":true,"href":"https:\/\/diyinsumos.com\/index.php\/wp-json\/wp\/v2\/media\/235"}],"wp:attachment":[{"href":"https:\/\/diyinsumos.com\/index.php\/wp-json\/wp\/v2\/media?parent=234"}],"wp:term":[{"taxonomy":"product_brand","embeddable":true,"href":"https:\/\/diyinsumos.com\/index.php\/wp-json\/wp\/v2\/product_brand?post=234"},{"taxonomy":"product_cat","embeddable":true,"href":"https:\/\/diyinsumos.com\/index.php\/wp-json\/wp\/v2\/product_cat?post=234"},{"taxonomy":"product_tag","embeddable":true,"href":"https:\/\/diyinsumos.com\/index.php\/wp-json\/wp\/v2\/product_tag?post=234"}],"curies":[{"name":"wp","href":"https:\/\/api.w.org\/{rel}","templated":true}]}}