{"id":245,"date":"2021-07-30T22:35:18","date_gmt":"2021-07-30T22:35:18","guid":{"rendered":"https:\/\/diyinsumos.com\/?post_type=product&#038;p=245"},"modified":"2022-07-09T17:20:12","modified_gmt":"2022-07-09T17:20:12","slug":"juego-de-sellos-letras-mayusculas","status":"publish","type":"product","link":"https:\/\/diyinsumos.com\/index.php\/product\/juego-de-sellos-letras-mayusculas\/","title":{"rendered":"Juego de Sellos Letras May\u00fasculas"},"content":{"rendered":"<p>Herramienta impresionante para profesionales de la artesan\u00eda de cuero y aficionados. Cada paquete incluye un asa y 26 letras may\u00fasculas de 0.512 pulgadas.<\/p>\n<p><strong>Especificaciones<\/strong><\/p>\n<p><strong>Material:<\/strong> aleaci\u00f3n de acero.<br \/>\n<strong>Color:<\/strong> tono dorado.<br \/>\n<strong>Longitud del mango del sello:<\/strong> 3.740 pulgadas<br \/>\n<strong>Tama\u00f1o de las cabezas de estampaci\u00f3n:<\/strong> 0.591 pulgadas x 0.591 pulgadas<br \/>\n<strong>Tama\u00f1o de las letras:<\/strong> 0.512 pulgadas<\/p>\n<p><strong>El paquete incluye<\/strong><br \/>\n<strong>1<\/strong> mango de estampaci\u00f3n.<br \/>\n<strong>26<\/strong> cabezas de estampaci\u00f3n con letras may\u00fasculas<\/p>\n<p>Recomendaciones:<\/p>\n<ol>\n<li>El producto se aplica \u00fanicamente al cuero curtido vegetal.<\/li>\n<li>La superficie de cuero debe estar h\u00famedo y suave para un mejor efecto de relieve.<\/li>\n<li>Se sugiere poner el cuero en un coj\u00edn para metal o de goma.<\/li>\n<li>Prestar atenci\u00f3n a la direcci\u00f3n del sello. (Encajar bien la letra y el mango antes de ejercer la presi\u00f3n).<\/li>\n<li>Usar martillo de madera o goma adecuado para grabar en cuero.<\/li>\n<li>Disfrute de cuero DIY.<\/li>\n<\/ol>\n","protected":false},"excerpt":{"rendered":"<p><span class=\"a-list-item\">El juego de 26 sellos de letras est\u00e1 hecho de acero de aleaci\u00f3n resistente para un impacto potente y una larga vida \u00fatil, lo que te da impresiones m\u00e1s fuertes que se muestran con mayor precisi\u00f3n. Tama\u00f1o de cada letra 13mm.\u00a0<\/span><\/p>\n","protected":false},"featured_media":246,"comment_status":"open","ping_status":"closed","template":"","meta":{"om_disable_all_campaigns":false,"_monsterinsights_skip_tracking":false,"_monsterinsights_sitenote_active":false,"_monsterinsights_sitenote_note":"","_monsterinsights_sitenote_category":0},"product_brand":[],"product_cat":[17],"product_tag":[86,25,95,29,24,94],"class_list":{"0":"post-245","1":"product","2":"type-product","3":"status-publish","4":"has-post-thumbnail","6":"product_cat-marroquineria","7":"product_tag-arte","8":"product_tag-cuero","9":"product_tag-estampado","10":"product_tag-grabado","11":"product_tag-handmade","12":"product_tag-letras","14":"first","15":"outofstock","16":"shipping-taxable","17":"purchasable","18":"product-type-simple"},"aioseo_notices":[],"jetpack-related-posts":[],"jetpack_sharing_enabled":true,"_links":{"self":[{"href":"https:\/\/diyinsumos.com\/index.php\/wp-json\/wp\/v2\/product\/245","targetHints":{"allow":["GET"]}}],"collection":[{"href":"https:\/\/diyinsumos.com\/index.php\/wp-json\/wp\/v2\/product"}],"about":[{"href":"https:\/\/diyinsumos.com\/index.php\/wp-json\/wp\/v2\/types\/product"}],"replies":[{"embeddable":true,"href":"https:\/\/diyinsumos.com\/index.php\/wp-json\/wp\/v2\/comments?post=245"}],"wp:featuredmedia":[{"embeddable":true,"href":"https:\/\/diyinsumos.com\/index.php\/wp-json\/wp\/v2\/media\/246"}],"wp:attachment":[{"href":"https:\/\/diyinsumos.com\/index.php\/wp-json\/wp\/v2\/media?parent=245"}],"wp:term":[{"taxonomy":"product_brand","embeddable":true,"href":"https:\/\/diyinsumos.com\/index.php\/wp-json\/wp\/v2\/product_brand?post=245"},{"taxonomy":"product_cat","embeddable":true,"href":"https:\/\/diyinsumos.com\/index.php\/wp-json\/wp\/v2\/product_cat?post=245"},{"taxonomy":"product_tag","embeddable":true,"href":"https:\/\/diyinsumos.com\/index.php\/wp-json\/wp\/v2\/product_tag?post=245"}],"curies":[{"name":"wp","href":"https:\/\/api.w.org\/{rel}","templated":true}]}}