{"id":253,"date":"2021-07-30T22:58:28","date_gmt":"2021-07-30T22:58:28","guid":{"rendered":"https:\/\/diyinsumos.com\/?post_type=product&#038;p=253"},"modified":"2024-02-20T20:58:54","modified_gmt":"2024-02-20T20:58:54","slug":"biseladoras-de-borde-para-cuero","status":"publish","type":"product","link":"https:\/\/diyinsumos.com\/index.php\/product\/biseladoras-de-borde-para-cuero\/","title":{"rendered":"Biseladoras de Borde para Cuero"},"content":{"rendered":"<p>Herramientas afinadoras de bordes para cuero, est\u00e1 hecha de acero de alta calidad y tiene un bonito mango de madera que se adapta c\u00f3modamente a la mano.<\/p>\n<p>La herramienta de skiving de borde de cuero es ligera y port\u00e1til, que es f\u00e1cil de transportar y es conveniente para llevarla a donde quieras. Posee cabezal de pala general con radian para evitar pelar irregularmente. El dise\u00f1o \u00fanico puede hacer un producto hecho a mano de cuero perfecto.<\/p>\n<p>La herramienta de corte de borde biselado es adecuada para corte oblicuo de bordes de cuero, raspar el grosor de la piel y hacer cabezales de enlace de cuero.<\/p>\n<p><strong>Material:<\/strong> madera y acero.<\/p>\n<p><strong>Tama\u00f1o:<\/strong> 0.3 plg, 0.039 plg, 0.047 plg.<\/p>\n<p><strong>Color del mango:<\/strong> color de la imagen.<\/p>\n<p><strong>Longitud total:<\/strong> aprox. 6.2 pulgadas<\/p>\n<p><strong>Sugerencias:<\/strong><\/p>\n<ol>\n<li>Puede haber un peque\u00f1o margen de error debido a la medici\u00f3n manual. Gracias por tu comprensi\u00f3n.<\/li>\n<li>La cabeza es afilada, por favor, mant\u00e9ngala alejada de los ni\u00f1os.<\/li>\n<\/ol>\n<p>&nbsp;<\/p>\n","protected":false},"excerpt":{"rendered":"<p id=\"title\" class=\"a-size-large a-spacing-none\"><span id=\"productTitle\" class=\"a-size-large product-title-word-break\">Herramientas biseladoras de borde de cuero, ideales para conseguir bordes delgado y finos. Disponible en 3 medidas diferentes 4mm, 6mm y 8mm.<\/span><\/p>\n","protected":false},"featured_media":254,"comment_status":"open","ping_status":"closed","template":"","meta":{"om_disable_all_campaigns":false,"_monsterinsights_skip_tracking":false,"_monsterinsights_sitenote_active":false,"_monsterinsights_sitenote_note":"","_monsterinsights_sitenote_category":0},"product_brand":[],"product_cat":[17],"product_tag":[30,98,25,24,99,69],"class_list":{"0":"post-253","1":"product","2":"type-product","3":"status-publish","4":"has-post-thumbnail","6":"product_cat-marroquineria","7":"product_tag-artesanal","8":"product_tag-biseladoras","9":"product_tag-cuero","10":"product_tag-handmade","11":"product_tag-marroquineria","12":"product_tag-productos","14":"first","15":"instock","16":"shipping-taxable","17":"purchasable","18":"product-type-variable"},"aioseo_notices":[],"jetpack-related-posts":[],"jetpack_sharing_enabled":true,"_links":{"self":[{"href":"https:\/\/diyinsumos.com\/index.php\/wp-json\/wp\/v2\/product\/253","targetHints":{"allow":["GET"]}}],"collection":[{"href":"https:\/\/diyinsumos.com\/index.php\/wp-json\/wp\/v2\/product"}],"about":[{"href":"https:\/\/diyinsumos.com\/index.php\/wp-json\/wp\/v2\/types\/product"}],"replies":[{"embeddable":true,"href":"https:\/\/diyinsumos.com\/index.php\/wp-json\/wp\/v2\/comments?post=253"}],"wp:featuredmedia":[{"embeddable":true,"href":"https:\/\/diyinsumos.com\/index.php\/wp-json\/wp\/v2\/media\/254"}],"wp:attachment":[{"href":"https:\/\/diyinsumos.com\/index.php\/wp-json\/wp\/v2\/media?parent=253"}],"wp:term":[{"taxonomy":"product_brand","embeddable":true,"href":"https:\/\/diyinsumos.com\/index.php\/wp-json\/wp\/v2\/product_brand?post=253"},{"taxonomy":"product_cat","embeddable":true,"href":"https:\/\/diyinsumos.com\/index.php\/wp-json\/wp\/v2\/product_cat?post=253"},{"taxonomy":"product_tag","embeddable":true,"href":"https:\/\/diyinsumos.com\/index.php\/wp-json\/wp\/v2\/product_tag?post=253"}],"curies":[{"name":"wp","href":"https:\/\/api.w.org\/{rel}","templated":true}]}}