{"id":262,"date":"2021-07-30T23:17:14","date_gmt":"2021-07-30T23:17:14","guid":{"rendered":"https:\/\/diyinsumos.com\/?post_type=product&#038;p=262"},"modified":"2023-12-01T22:20:12","modified_gmt":"2023-12-01T22:20:12","slug":"set-remaches-y-herramientas","status":"publish","type":"product","link":"https:\/\/diyinsumos.com\/index.php\/product\/set-remaches-y-herramientas\/","title":{"rendered":"Set Remaches y Herramientas"},"content":{"rendered":"<p>Set de remaches y herramientas de colocaci\u00f3n. Todos los botones est\u00e1n hechos de aleaci\u00f3n de zinc de cobre con chapado sin n\u00edquel.<\/p>\n<p>El paquete incluye 120 juegos de cierres a presi\u00f3n con 4 herramientas de ajuste. Es pr\u00e1ctico para satisfacer tus necesidades en ropa, pulseras, chaquetas, bolsos, vaqueros, manualidades, reparaci\u00f3n y decoraci\u00f3n.<\/p>\n<p>Se recomienda, no utilizar demasiada fuerza cuando golpees los sujetadores en caso de deformaci\u00f3n, utilizar el martillo adecuado para este tipo de trabajos manuales.<\/p>\n","protected":false},"excerpt":{"rendered":"<p>Set de remaches de presi\u00f3n\u00a0 para cuero en colores:\u00a0bronce, plomizo, oro, plata, negro mate y negro azabache. 20 juegos de cierres de presi\u00f3n de cada color, 120 juegos en total. Ademas incluye\u00a04 herramientas de ajuste para su aplicaci\u00f3n.<\/p>\n","protected":false},"featured_media":269,"comment_status":"open","ping_status":"closed","template":"","meta":{"om_disable_all_campaigns":false,"_monsterinsights_skip_tracking":false,"_monsterinsights_sitenote_active":false,"_monsterinsights_sitenote_note":"","_monsterinsights_sitenote_category":0},"product_brand":[],"product_cat":[17],"product_tag":[25,23,24,101,100],"class_list":{"0":"post-262","1":"product","2":"type-product","3":"status-publish","4":"has-post-thumbnail","6":"product_cat-marroquineria","7":"product_tag-cuero","8":"product_tag-diy","9":"product_tag-handmade","10":"product_tag-herramientas","11":"product_tag-remaches","13":"first","14":"outofstock","15":"shipping-taxable","16":"purchasable","17":"product-type-simple"},"aioseo_notices":[],"jetpack-related-posts":[],"jetpack_sharing_enabled":true,"_links":{"self":[{"href":"https:\/\/diyinsumos.com\/index.php\/wp-json\/wp\/v2\/product\/262","targetHints":{"allow":["GET"]}}],"collection":[{"href":"https:\/\/diyinsumos.com\/index.php\/wp-json\/wp\/v2\/product"}],"about":[{"href":"https:\/\/diyinsumos.com\/index.php\/wp-json\/wp\/v2\/types\/product"}],"replies":[{"embeddable":true,"href":"https:\/\/diyinsumos.com\/index.php\/wp-json\/wp\/v2\/comments?post=262"}],"wp:featuredmedia":[{"embeddable":true,"href":"https:\/\/diyinsumos.com\/index.php\/wp-json\/wp\/v2\/media\/269"}],"wp:attachment":[{"href":"https:\/\/diyinsumos.com\/index.php\/wp-json\/wp\/v2\/media?parent=262"}],"wp:term":[{"taxonomy":"product_brand","embeddable":true,"href":"https:\/\/diyinsumos.com\/index.php\/wp-json\/wp\/v2\/product_brand?post=262"},{"taxonomy":"product_cat","embeddable":true,"href":"https:\/\/diyinsumos.com\/index.php\/wp-json\/wp\/v2\/product_cat?post=262"},{"taxonomy":"product_tag","embeddable":true,"href":"https:\/\/diyinsumos.com\/index.php\/wp-json\/wp\/v2\/product_tag?post=262"}],"curies":[{"name":"wp","href":"https:\/\/api.w.org\/{rel}","templated":true}]}}