{"id":299,"date":"2021-08-11T19:21:23","date_gmt":"2021-08-11T19:21:23","guid":{"rendered":"https:\/\/diyinsumos.com\/?post_type=product&#038;p=299"},"modified":"2021-12-28T20:33:12","modified_gmt":"2021-12-28T20:33:12","slug":"caja-carton-negra-9x12cm","status":"publish","type":"product","link":"https:\/\/diyinsumos.com\/index.php\/product\/caja-carton-negra-9x12cm\/","title":{"rendered":"12 Cajas Cart\u00f3n Negra 9x12cm"},"content":{"rendered":"<p>Paquete incluye 12 cajas de regalo con tapadera y list\u00f3n negro de sat\u00e9n.<\/p>\n<p>Ancho: 9cm \/ Largo 12cm \/ Alto 2cm<\/p>\n","protected":false},"excerpt":{"rendered":"<p>12 Cajas de cart\u00f3n kraft con forro de cartoncillo negro con list\u00f3n de sat\u00e9n negro. Medidas: 9X12X2cm<\/p>\n<p>** Este producto tiene un per\u00edodo de elaboraci\u00f3n de 7 d\u00edas**<\/p>\n","protected":false},"featured_media":307,"comment_status":"open","ping_status":"closed","template":"","meta":{"om_disable_all_campaigns":false,"_monsterinsights_skip_tracking":false,"_monsterinsights_sitenote_active":false,"_monsterinsights_sitenote_note":"","_monsterinsights_sitenote_category":0},"product_brand":[],"product_cat":[21],"product_tag":[],"class_list":{"0":"post-299","1":"product","2":"type-product","3":"status-publish","4":"has-post-thumbnail","6":"product_cat-empaques","8":"first","9":"outofstock","10":"shipping-taxable","11":"purchasable","12":"product-type-simple"},"aioseo_notices":[],"jetpack-related-posts":[],"jetpack_sharing_enabled":true,"_links":{"self":[{"href":"https:\/\/diyinsumos.com\/index.php\/wp-json\/wp\/v2\/product\/299","targetHints":{"allow":["GET"]}}],"collection":[{"href":"https:\/\/diyinsumos.com\/index.php\/wp-json\/wp\/v2\/product"}],"about":[{"href":"https:\/\/diyinsumos.com\/index.php\/wp-json\/wp\/v2\/types\/product"}],"replies":[{"embeddable":true,"href":"https:\/\/diyinsumos.com\/index.php\/wp-json\/wp\/v2\/comments?post=299"}],"wp:featuredmedia":[{"embeddable":true,"href":"https:\/\/diyinsumos.com\/index.php\/wp-json\/wp\/v2\/media\/307"}],"wp:attachment":[{"href":"https:\/\/diyinsumos.com\/index.php\/wp-json\/wp\/v2\/media?parent=299"}],"wp:term":[{"taxonomy":"product_brand","embeddable":true,"href":"https:\/\/diyinsumos.com\/index.php\/wp-json\/wp\/v2\/product_brand?post=299"},{"taxonomy":"product_cat","embeddable":true,"href":"https:\/\/diyinsumos.com\/index.php\/wp-json\/wp\/v2\/product_cat?post=299"},{"taxonomy":"product_tag","embeddable":true,"href":"https:\/\/diyinsumos.com\/index.php\/wp-json\/wp\/v2\/product_tag?post=299"}],"curies":[{"name":"wp","href":"https:\/\/api.w.org\/{rel}","templated":true}]}}