{"id":308,"date":"2021-08-13T17:29:11","date_gmt":"2021-08-13T17:29:11","guid":{"rendered":"https:\/\/diyinsumos.com\/?post_type=product&#038;p=308"},"modified":"2024-05-07T21:13:26","modified_gmt":"2024-05-07T21:13:26","slug":"sellos-de-letras-mini","status":"publish","type":"product","link":"https:\/\/diyinsumos.com\/index.php\/product\/sellos-de-letras-mini\/","title":{"rendered":"Sellos de Letras Mini"},"content":{"rendered":"<p><span class=\"a-list-item\"><strong>Tama\u00f1o del producto:<\/strong> 3.86 pulgadas de longitud total, 2.36 pulgadas de estampado alfanum\u00e9rico, cada paquete incluye (26 letras may\u00fasculas + 10 n\u00fameros).<\/span><\/p>\n<p><span class=\"a-list-item\"><strong>Modo de empleo:<\/strong> seleccione las letras o n\u00fameros necesarios, presione la barra de hierro para sujetar y luego realice la impresi\u00f3n.<\/span><\/p>\n<p><strong>Sugerencia<\/strong>: humedezca ligeramente la superficie de cuero con agua, el efecto de impresi\u00f3n ser\u00e1 mejor, utilizar un martillo adecuado de goma y no ejercer mucha fuerza para no romper el cuero. Ademas ser\u00e1 importante encajar muy bien la barra con la letra para no deformar la base.<\/p>\n<p>** Este producto no tiene garant\u00eda por mal uso de las herramientas**<\/p>\n","protected":false},"excerpt":{"rendered":"<p>Set de 36 letras y n\u00fameros para grabado en cuero, elaboradas de acero de aleaci\u00f3n maciza, con larga resistencia al impacto y vida \u00fatil.<\/p>\n","protected":false},"featured_media":309,"comment_status":"open","ping_status":"closed","template":"","meta":{"om_disable_all_campaigns":false,"_monsterinsights_skip_tracking":false,"_monsterinsights_sitenote_active":false,"_monsterinsights_sitenote_note":"","_monsterinsights_sitenote_category":0},"product_brand":[],"product_cat":[17],"product_tag":[],"class_list":{"0":"post-308","1":"product","2":"type-product","3":"status-publish","4":"has-post-thumbnail","6":"product_cat-marroquineria","8":"first","9":"outofstock","10":"shipping-taxable","11":"purchasable","12":"product-type-simple"},"aioseo_notices":[],"jetpack-related-posts":[],"jetpack_sharing_enabled":true,"_links":{"self":[{"href":"https:\/\/diyinsumos.com\/index.php\/wp-json\/wp\/v2\/product\/308","targetHints":{"allow":["GET"]}}],"collection":[{"href":"https:\/\/diyinsumos.com\/index.php\/wp-json\/wp\/v2\/product"}],"about":[{"href":"https:\/\/diyinsumos.com\/index.php\/wp-json\/wp\/v2\/types\/product"}],"replies":[{"embeddable":true,"href":"https:\/\/diyinsumos.com\/index.php\/wp-json\/wp\/v2\/comments?post=308"}],"wp:featuredmedia":[{"embeddable":true,"href":"https:\/\/diyinsumos.com\/index.php\/wp-json\/wp\/v2\/media\/309"}],"wp:attachment":[{"href":"https:\/\/diyinsumos.com\/index.php\/wp-json\/wp\/v2\/media?parent=308"}],"wp:term":[{"taxonomy":"product_brand","embeddable":true,"href":"https:\/\/diyinsumos.com\/index.php\/wp-json\/wp\/v2\/product_brand?post=308"},{"taxonomy":"product_cat","embeddable":true,"href":"https:\/\/diyinsumos.com\/index.php\/wp-json\/wp\/v2\/product_cat?post=308"},{"taxonomy":"product_tag","embeddable":true,"href":"https:\/\/diyinsumos.com\/index.php\/wp-json\/wp\/v2\/product_tag?post=308"}],"curies":[{"name":"wp","href":"https:\/\/api.w.org\/{rel}","templated":true}]}}