{"id":321,"date":"2021-08-29T02:49:14","date_gmt":"2021-08-29T02:49:14","guid":{"rendered":"https:\/\/diyinsumos.com\/?post_type=product&#038;p=321"},"modified":"2023-06-05T22:00:33","modified_gmt":"2023-06-05T22:00:33","slug":"herramienta-de-ranurado-para-cuero","status":"publish","type":"product","link":"https:\/\/diyinsumos.com\/index.php\/product\/herramienta-de-ranurado-para-cuero\/","title":{"rendered":"Herramienta de Ranurado para Cuero"},"content":{"rendered":"<p>Herramienta de cuero ligera y duradera, dise\u00f1o ergon\u00f3mico y de f\u00e1cil instalaci\u00f3n. Herramienta de uso profesional. Piezas de contenido y modo de instalaci\u00f3n verificar ultimas fotograf\u00edas de la galer\u00eda del producto.<\/p>\n<p>Dimensiones: 5.63 x 3.03 x 1.18 pulgadas<\/p>\n<p>Peso: 2.39 onzas<\/p>\n<p>&nbsp;<\/p>\n","protected":false},"excerpt":{"rendered":"<p>Herramienta Profesional de Ranurado para Cuero, ideal para surcos de costura y modelado de bordes. Elaborada en metal de alta calidad y mango de madera.<\/p>\n","protected":false},"featured_media":322,"comment_status":"open","ping_status":"closed","template":"","meta":{"om_disable_all_campaigns":false,"_monsterinsights_skip_tracking":false,"_monsterinsights_sitenote_active":false,"_monsterinsights_sitenote_note":"","_monsterinsights_sitenote_category":0},"product_brand":[],"product_cat":[17],"product_tag":[104,25,24,105,35],"class_list":{"0":"post-321","1":"product","2":"type-product","3":"status-publish","4":"has-post-thumbnail","6":"product_cat-marroquineria","7":"product_tag-artesania","8":"product_tag-cuero","9":"product_tag-handmade","10":"product_tag-hechoamano","11":"product_tag-leather","13":"first","14":"outofstock","15":"shipping-taxable","16":"purchasable","17":"product-type-simple"},"aioseo_notices":[],"jetpack-related-posts":[],"jetpack_sharing_enabled":true,"_links":{"self":[{"href":"https:\/\/diyinsumos.com\/index.php\/wp-json\/wp\/v2\/product\/321","targetHints":{"allow":["GET"]}}],"collection":[{"href":"https:\/\/diyinsumos.com\/index.php\/wp-json\/wp\/v2\/product"}],"about":[{"href":"https:\/\/diyinsumos.com\/index.php\/wp-json\/wp\/v2\/types\/product"}],"replies":[{"embeddable":true,"href":"https:\/\/diyinsumos.com\/index.php\/wp-json\/wp\/v2\/comments?post=321"}],"wp:featuredmedia":[{"embeddable":true,"href":"https:\/\/diyinsumos.com\/index.php\/wp-json\/wp\/v2\/media\/322"}],"wp:attachment":[{"href":"https:\/\/diyinsumos.com\/index.php\/wp-json\/wp\/v2\/media?parent=321"}],"wp:term":[{"taxonomy":"product_brand","embeddable":true,"href":"https:\/\/diyinsumos.com\/index.php\/wp-json\/wp\/v2\/product_brand?post=321"},{"taxonomy":"product_cat","embeddable":true,"href":"https:\/\/diyinsumos.com\/index.php\/wp-json\/wp\/v2\/product_cat?post=321"},{"taxonomy":"product_tag","embeddable":true,"href":"https:\/\/diyinsumos.com\/index.php\/wp-json\/wp\/v2\/product_tag?post=321"}],"curies":[{"name":"wp","href":"https:\/\/api.w.org\/{rel}","templated":true}]}}