{"id":327,"date":"2021-08-29T03:13:00","date_gmt":"2021-08-29T03:13:00","guid":{"rendered":"https:\/\/diyinsumos.com\/?post_type=product&#038;p=327"},"modified":"2024-02-16T21:38:42","modified_gmt":"2024-02-16T21:38:42","slug":"cunas-pulidoras-de-cuero","status":"publish","type":"product","link":"https:\/\/diyinsumos.com\/index.php\/product\/cunas-pulidoras-de-cuero\/","title":{"rendered":"Cu\u00f1as Pulidoras de Cuero"},"content":{"rendered":"<p>Consigue bordes delicados y brillantes con las cu\u00f1as profesionales para cuero. Una vez finalizado tu producto a\u00f1ade un poco de pasta especial para cuero, pasa la herramienta de manera y con movimientos constantes obtendr\u00e1s bordes bien acabados.<\/p>\n<p>Material: Madera<br \/>\nTama\u00f1o aproximado: 5.1\u00a0pulgadas<br \/>\nColor: natural.<\/p>\n","protected":false},"excerpt":{"rendered":"<p>Cu\u00f1as profesionales para pulir bordes de cuero. Elaboradas en madera s\u00f3lida y resistente.\u00a0<span class=\"a-list-item\">El mango ofrece un agarre c\u00f3modo y firme para hacer un pulido m\u00e1s f\u00e1cil.\u00a0<\/span><\/p>\n","protected":false},"featured_media":329,"comment_status":"open","ping_status":"closed","template":"","meta":{"om_disable_all_campaigns":false,"_monsterinsights_skip_tracking":false,"_monsterinsights_sitenote_active":false,"_monsterinsights_sitenote_note":"","_monsterinsights_sitenote_category":0},"product_brand":[],"product_cat":[17],"product_tag":[41,25,24,35],"class_list":{"0":"post-327","1":"product","2":"type-product","3":"status-publish","4":"has-post-thumbnail","6":"product_cat-marroquineria","7":"product_tag-artesano","8":"product_tag-cuero","9":"product_tag-handmade","10":"product_tag-leather","12":"first","13":"instock","14":"shipping-taxable","15":"purchasable","16":"product-type-simple"},"aioseo_notices":[],"jetpack-related-posts":[],"jetpack_sharing_enabled":true,"_links":{"self":[{"href":"https:\/\/diyinsumos.com\/index.php\/wp-json\/wp\/v2\/product\/327","targetHints":{"allow":["GET"]}}],"collection":[{"href":"https:\/\/diyinsumos.com\/index.php\/wp-json\/wp\/v2\/product"}],"about":[{"href":"https:\/\/diyinsumos.com\/index.php\/wp-json\/wp\/v2\/types\/product"}],"replies":[{"embeddable":true,"href":"https:\/\/diyinsumos.com\/index.php\/wp-json\/wp\/v2\/comments?post=327"}],"wp:featuredmedia":[{"embeddable":true,"href":"https:\/\/diyinsumos.com\/index.php\/wp-json\/wp\/v2\/media\/329"}],"wp:attachment":[{"href":"https:\/\/diyinsumos.com\/index.php\/wp-json\/wp\/v2\/media?parent=327"}],"wp:term":[{"taxonomy":"product_brand","embeddable":true,"href":"https:\/\/diyinsumos.com\/index.php\/wp-json\/wp\/v2\/product_brand?post=327"},{"taxonomy":"product_cat","embeddable":true,"href":"https:\/\/diyinsumos.com\/index.php\/wp-json\/wp\/v2\/product_cat?post=327"},{"taxonomy":"product_tag","embeddable":true,"href":"https:\/\/diyinsumos.com\/index.php\/wp-json\/wp\/v2\/product_tag?post=327"}],"curies":[{"name":"wp","href":"https:\/\/api.w.org\/{rel}","templated":true}]}}