{"id":339,"date":"2021-08-29T22:58:53","date_gmt":"2021-08-29T22:58:53","guid":{"rendered":"https:\/\/diyinsumos.com\/?post_type=product&#038;p=339"},"modified":"2023-02-03T00:18:42","modified_gmt":"2023-02-03T00:18:42","slug":"pincel-para-bordes-de-cuero","status":"publish","type":"product","link":"https:\/\/diyinsumos.com\/index.php\/product\/pincel-para-bordes-de-cuero\/","title":{"rendered":"Pinceles para Bordes de Cuero"},"content":{"rendered":"<p style=\"text-align: left;\">El pincel de tinte de borde de cuero es una herramienta multifuncional, el lado de cabeza c\u00f3nica\/cabeza redonda se puede aplicar como un l\u00e1piz de tinte de bordes, el otro lado puede ser usado para aplicar pegamento. C\u00f3modos, mejora la eficiencia de trabajo en cuero.<\/p>\n<p>El paquete incluye 2 piezas de diferentes estilos de rodillo aplicador de borde. 1 cabezal c\u00f3nico y 1 cabezal redondo.<\/p>\n<p>El aplicador de rodillo de pintura est\u00e1 hecho de acero inoxidable y lat\u00f3n, de alta densidad, duradero y no es f\u00e1cil de romper ni oxidar, puede estar bien protegido de la corrosi\u00f3n.<\/p>\n<p><strong>Instrucciones de uso:<\/strong> simplemente sumerge en la pintura adecuada el pincel y enrolla la cabeza a lo largo del borde de cuero. Limpia el pincel a tiempo despu\u00e9s de su uso.<\/p>\n<p style=\"text-align: left;\"><strong><span class=\"a-list-item\">Medidas:<\/span><\/strong><\/p>\n<p style=\"text-align: left;\">Longitud total: 5.118\u00a0in.<\/p>\n<p>&#8211; Tama\u00f1o de la cabeza c\u00f3nica: 0.709\u00a0in x 0.315\u00a0in.<\/p>\n<p>&#8211; Tama\u00f1o de la cabeza redonda: 0.591\u00a0in x 0.236\u00a0in.<\/p>\n<p>&#8211; El otro tama\u00f1o de la cabeza: 0.984\u00a0in x 0.236\u00a0in.<\/p>\n<p>&nbsp;<\/p>\n","protected":false},"excerpt":{"rendered":"<p>2 Pinceles met\u00e1licos para aplicar pegamento y pintura en productos de cuero.\u00a0<span id=\"productTitle\" class=\"a-size-large product-title-word-break\">(Cabeza C\u00f3nica y Cabeza Redonda)<\/span><\/p>\n","protected":false},"featured_media":528,"comment_status":"open","ping_status":"closed","template":"","meta":{"om_disable_all_campaigns":false,"_monsterinsights_skip_tracking":false,"_monsterinsights_sitenote_active":false,"_monsterinsights_sitenote_note":"","_monsterinsights_sitenote_category":0},"product_brand":[],"product_cat":[17],"product_tag":[25,24,35,109],"class_list":{"0":"post-339","1":"product","2":"type-product","3":"status-publish","4":"has-post-thumbnail","6":"product_cat-marroquineria","7":"product_tag-cuero","8":"product_tag-handmade","9":"product_tag-leather","10":"product_tag-pintura","12":"first","13":"outofstock","14":"shipping-taxable","15":"purchasable","16":"product-type-simple"},"aioseo_notices":[],"jetpack-related-posts":[],"jetpack_sharing_enabled":true,"_links":{"self":[{"href":"https:\/\/diyinsumos.com\/index.php\/wp-json\/wp\/v2\/product\/339","targetHints":{"allow":["GET"]}}],"collection":[{"href":"https:\/\/diyinsumos.com\/index.php\/wp-json\/wp\/v2\/product"}],"about":[{"href":"https:\/\/diyinsumos.com\/index.php\/wp-json\/wp\/v2\/types\/product"}],"replies":[{"embeddable":true,"href":"https:\/\/diyinsumos.com\/index.php\/wp-json\/wp\/v2\/comments?post=339"}],"wp:featuredmedia":[{"embeddable":true,"href":"https:\/\/diyinsumos.com\/index.php\/wp-json\/wp\/v2\/media\/528"}],"wp:attachment":[{"href":"https:\/\/diyinsumos.com\/index.php\/wp-json\/wp\/v2\/media?parent=339"}],"wp:term":[{"taxonomy":"product_brand","embeddable":true,"href":"https:\/\/diyinsumos.com\/index.php\/wp-json\/wp\/v2\/product_brand?post=339"},{"taxonomy":"product_cat","embeddable":true,"href":"https:\/\/diyinsumos.com\/index.php\/wp-json\/wp\/v2\/product_cat?post=339"},{"taxonomy":"product_tag","embeddable":true,"href":"https:\/\/diyinsumos.com\/index.php\/wp-json\/wp\/v2\/product_tag?post=339"}],"curies":[{"name":"wp","href":"https:\/\/api.w.org\/{rel}","templated":true}]}}