{"id":438,"date":"2021-10-22T16:46:46","date_gmt":"2021-10-22T16:46:46","guid":{"rendered":"https:\/\/diyinsumos.com\/?post_type=product&#038;p=438"},"modified":"2024-08-24T23:41:51","modified_gmt":"2024-08-24T23:41:51","slug":"punzon-de-madera-para-cuero","status":"publish","type":"product","link":"https:\/\/diyinsumos.com\/index.php\/product\/punzon-de-madera-para-cuero\/","title":{"rendered":"Punz\u00f3n de madera para Cuero"},"content":{"rendered":"<p>Los punzones est\u00e1n hechos de madera y metal de calidad, duraderos y resistentes a la corrosi\u00f3n, garantizan un largo tiempo de uso, f\u00e1cil de sostener y te hacen sentir c\u00f3modo cuando trabajas.<\/p>\n<p>** CUIDADO, Esta es una herramienta de perforaci\u00f3n afilada **<\/p>\n","protected":false},"excerpt":{"rendered":"<p>Punz\u00f3n con mango de madera\u00a0para coser cuero, perforar, quitar puntadas, etc.<\/p>\n","protected":false},"featured_media":439,"comment_status":"open","ping_status":"closed","template":"","meta":{"om_disable_all_campaigns":false,"_monsterinsights_skip_tracking":false,"_monsterinsights_sitenote_active":false,"_monsterinsights_sitenote_note":"","_monsterinsights_sitenote_category":0},"product_brand":[],"product_cat":[17],"product_tag":[],"class_list":{"0":"post-438","1":"product","2":"type-product","3":"status-publish","4":"has-post-thumbnail","6":"product_cat-marroquineria","8":"first","9":"instock","10":"shipping-taxable","11":"purchasable","12":"product-type-simple"},"aioseo_notices":[],"jetpack-related-posts":[],"jetpack_sharing_enabled":true,"_links":{"self":[{"href":"https:\/\/diyinsumos.com\/index.php\/wp-json\/wp\/v2\/product\/438","targetHints":{"allow":["GET"]}}],"collection":[{"href":"https:\/\/diyinsumos.com\/index.php\/wp-json\/wp\/v2\/product"}],"about":[{"href":"https:\/\/diyinsumos.com\/index.php\/wp-json\/wp\/v2\/types\/product"}],"replies":[{"embeddable":true,"href":"https:\/\/diyinsumos.com\/index.php\/wp-json\/wp\/v2\/comments?post=438"}],"wp:featuredmedia":[{"embeddable":true,"href":"https:\/\/diyinsumos.com\/index.php\/wp-json\/wp\/v2\/media\/439"}],"wp:attachment":[{"href":"https:\/\/diyinsumos.com\/index.php\/wp-json\/wp\/v2\/media?parent=438"}],"wp:term":[{"taxonomy":"product_brand","embeddable":true,"href":"https:\/\/diyinsumos.com\/index.php\/wp-json\/wp\/v2\/product_brand?post=438"},{"taxonomy":"product_cat","embeddable":true,"href":"https:\/\/diyinsumos.com\/index.php\/wp-json\/wp\/v2\/product_cat?post=438"},{"taxonomy":"product_tag","embeddable":true,"href":"https:\/\/diyinsumos.com\/index.php\/wp-json\/wp\/v2\/product_tag?post=438"}],"curies":[{"name":"wp","href":"https:\/\/api.w.org\/{rel}","templated":true}]}}