{"id":541,"date":"2022-02-09T22:51:08","date_gmt":"2022-02-09T22:51:08","guid":{"rendered":"https:\/\/diyinsumos.com\/?post_type=product&#038;p=541"},"modified":"2023-06-05T22:00:33","modified_gmt":"2023-06-05T22:00:33","slug":"troqueles-para-cuero","status":"publish","type":"product","link":"https:\/\/diyinsumos.com\/index.php\/product\/troqueles-para-cuero\/","title":{"rendered":"Troqueles para Cuero"},"content":{"rendered":"<p><strong>INSTRUCCIONES DE USO\u00a0<\/strong><\/p>\n<p>Para aplicarlos se debe utilizar una placa de madera o PVC en la parte superior del punz\u00f3n y luego utilizar un martillo para instalarlos.<\/p>\n<p>Cada kit incluye 28 piezas para corte peque\u00f1as, las medidas puede encontrarlas en las im\u00e1genes adjuntas. Si necesitas tama\u00f1os grandes, no compres este juego.<\/p>\n","protected":false},"excerpt":{"rendered":"<p>Kit de 28 perforadores peque\u00f1os multiforma para trabajar con cuero. Estas elaborados de\u00a0acero al carbono afilados.\u00a0<span class=\"a-list-item\">Se pueden utilizar para hacer formas limpias en cuero, cinturones, ropa, goma y otros materiales suaves.<\/span><\/p>\n","protected":false},"featured_media":542,"comment_status":"open","ping_status":"closed","template":"","meta":{"om_disable_all_campaigns":false,"_monsterinsights_skip_tracking":false,"_monsterinsights_sitenote_active":false,"_monsterinsights_sitenote_note":"","_monsterinsights_sitenote_category":0},"product_brand":[],"product_cat":[17],"product_tag":[],"class_list":{"0":"post-541","1":"product","2":"type-product","3":"status-publish","4":"has-post-thumbnail","6":"product_cat-marroquineria","8":"first","9":"outofstock","10":"shipping-taxable","11":"purchasable","12":"product-type-simple"},"aioseo_notices":[],"jetpack-related-posts":[],"jetpack_sharing_enabled":true,"_links":{"self":[{"href":"https:\/\/diyinsumos.com\/index.php\/wp-json\/wp\/v2\/product\/541","targetHints":{"allow":["GET"]}}],"collection":[{"href":"https:\/\/diyinsumos.com\/index.php\/wp-json\/wp\/v2\/product"}],"about":[{"href":"https:\/\/diyinsumos.com\/index.php\/wp-json\/wp\/v2\/types\/product"}],"replies":[{"embeddable":true,"href":"https:\/\/diyinsumos.com\/index.php\/wp-json\/wp\/v2\/comments?post=541"}],"wp:featuredmedia":[{"embeddable":true,"href":"https:\/\/diyinsumos.com\/index.php\/wp-json\/wp\/v2\/media\/542"}],"wp:attachment":[{"href":"https:\/\/diyinsumos.com\/index.php\/wp-json\/wp\/v2\/media?parent=541"}],"wp:term":[{"taxonomy":"product_brand","embeddable":true,"href":"https:\/\/diyinsumos.com\/index.php\/wp-json\/wp\/v2\/product_brand?post=541"},{"taxonomy":"product_cat","embeddable":true,"href":"https:\/\/diyinsumos.com\/index.php\/wp-json\/wp\/v2\/product_cat?post=541"},{"taxonomy":"product_tag","embeddable":true,"href":"https:\/\/diyinsumos.com\/index.php\/wp-json\/wp\/v2\/product_tag?post=541"}],"curies":[{"name":"wp","href":"https:\/\/api.w.org\/{rel}","templated":true}]}}