{"id":95,"date":"2021-07-14T00:43:07","date_gmt":"2021-07-14T00:43:07","guid":{"rendered":"http:\/\/diyinsumos.com\/?post_type=product&#038;p=95"},"modified":"2025-06-14T00:47:10","modified_gmt":"2025-06-14T00:47:10","slug":"base-arete-cono","status":"publish","type":"product","link":"https:\/\/diyinsumos.com\/index.php\/product\/base-arete-cono\/","title":{"rendered":"12 Pares de Bases Arete Cono"},"content":{"rendered":"<p>Crea lindos aretes de piedra natural, perlas o lo que se te ocurra con estas bases elaboradas en acero inoxidable de grado quir\u00fargico. Medidas: 8mm di\u00e1metro, 7.5 di\u00e1metro interno, 13.5mm largo y pin 0.8mm.<\/p>\n","protected":false},"excerpt":{"rendered":"<p>Paquete de 12 pares de bases para aretes con gancho elaborados en acero inoxidable de grado quir\u00fargico dorados.<\/p>\n","protected":false},"featured_media":96,"comment_status":"open","ping_status":"closed","template":"","meta":{"om_disable_all_campaigns":false,"_monsterinsights_skip_tracking":false,"_monsterinsights_sitenote_active":false,"_monsterinsights_sitenote_note":"","_monsterinsights_sitenote_category":0},"product_brand":[],"product_cat":[18],"product_tag":[34,33,32,24],"class_list":{"0":"post-95","1":"product","2":"type-product","3":"status-publish","4":"has-post-thumbnail","6":"product_cat-bisuteria","7":"product_tag-aretes","8":"product_tag-artesanato","9":"product_tag-bisuteria","10":"product_tag-handmade","12":"first","13":"outofstock","14":"shipping-taxable","15":"purchasable","16":"product-type-simple"},"aioseo_notices":[],"jetpack-related-posts":[],"jetpack_sharing_enabled":true,"_links":{"self":[{"href":"https:\/\/diyinsumos.com\/index.php\/wp-json\/wp\/v2\/product\/95","targetHints":{"allow":["GET"]}}],"collection":[{"href":"https:\/\/diyinsumos.com\/index.php\/wp-json\/wp\/v2\/product"}],"about":[{"href":"https:\/\/diyinsumos.com\/index.php\/wp-json\/wp\/v2\/types\/product"}],"replies":[{"embeddable":true,"href":"https:\/\/diyinsumos.com\/index.php\/wp-json\/wp\/v2\/comments?post=95"}],"wp:featuredmedia":[{"embeddable":true,"href":"https:\/\/diyinsumos.com\/index.php\/wp-json\/wp\/v2\/media\/96"}],"wp:attachment":[{"href":"https:\/\/diyinsumos.com\/index.php\/wp-json\/wp\/v2\/media?parent=95"}],"wp:term":[{"taxonomy":"product_brand","embeddable":true,"href":"https:\/\/diyinsumos.com\/index.php\/wp-json\/wp\/v2\/product_brand?post=95"},{"taxonomy":"product_cat","embeddable":true,"href":"https:\/\/diyinsumos.com\/index.php\/wp-json\/wp\/v2\/product_cat?post=95"},{"taxonomy":"product_tag","embeddable":true,"href":"https:\/\/diyinsumos.com\/index.php\/wp-json\/wp\/v2\/product_tag?post=95"}],"curies":[{"name":"wp","href":"https:\/\/api.w.org\/{rel}","templated":true}]}}