{"id":98,"date":"2021-07-14T00:58:01","date_gmt":"2021-07-14T00:58:01","guid":{"rendered":"http:\/\/diyinsumos.com\/?post_type=product&#038;p=98"},"modified":"2026-02-06T21:37:14","modified_gmt":"2026-02-06T21:37:14","slug":"juego-cinceles-de-costura","status":"publish","type":"product","link":"https:\/\/diyinsumos.com\/index.php\/product\/juego-cinceles-de-costura\/","title":{"rendered":"Juego Cinceles de Costura"},"content":{"rendered":"<p>Elegante juego de 4 cinceles de acero para perforar costuras en cuero. Incluye caja y bolsas para guardar las piezas. Las superficies del producto est\u00e1n cubiertas de aceite anticorrosivo antes del env\u00edo, l\u00edmpielas\u00a0 antes de usarlas.<\/p>\n<p>Medidas: longitude de cada herramienta 100mm, peso 80g.<\/p>\n<p>El paquete incluye: pieza de 1 clavija, pieza de 2 clavijas, pieza de 4 clavijas, pieza de 6 clavijas, caja de pl\u00e1stico, bolsa de terciopelo y manual de instrucciones.<\/p>\n","protected":false},"excerpt":{"rendered":"<p>Cinceles para costura elaborados en acero de alta calidad. Kit de 4 piezas.<\/p>\n","protected":false},"featured_media":100,"comment_status":"open","ping_status":"closed","template":"","meta":{"om_disable_all_campaigns":false,"_monsterinsights_skip_tracking":false,"_monsterinsights_sitenote_active":false,"_monsterinsights_sitenote_note":"","_monsterinsights_sitenote_category":0},"product_brand":[],"product_cat":[17],"product_tag":[25,24,36,35,37],"class_list":{"0":"post-98","1":"product","2":"type-product","3":"status-publish","4":"has-post-thumbnail","6":"product_cat-marroquineria","7":"product_tag-cuero","8":"product_tag-handmade","9":"product_tag-herramienta","10":"product_tag-leather","11":"product_tag-perforacion","13":"first","14":"instock","15":"shipping-taxable","16":"purchasable","17":"product-type-variable"},"aioseo_notices":[],"jetpack-related-posts":[],"jetpack_sharing_enabled":true,"_links":{"self":[{"href":"https:\/\/diyinsumos.com\/index.php\/wp-json\/wp\/v2\/product\/98","targetHints":{"allow":["GET"]}}],"collection":[{"href":"https:\/\/diyinsumos.com\/index.php\/wp-json\/wp\/v2\/product"}],"about":[{"href":"https:\/\/diyinsumos.com\/index.php\/wp-json\/wp\/v2\/types\/product"}],"replies":[{"embeddable":true,"href":"https:\/\/diyinsumos.com\/index.php\/wp-json\/wp\/v2\/comments?post=98"}],"wp:featuredmedia":[{"embeddable":true,"href":"https:\/\/diyinsumos.com\/index.php\/wp-json\/wp\/v2\/media\/100"}],"wp:attachment":[{"href":"https:\/\/diyinsumos.com\/index.php\/wp-json\/wp\/v2\/media?parent=98"}],"wp:term":[{"taxonomy":"product_brand","embeddable":true,"href":"https:\/\/diyinsumos.com\/index.php\/wp-json\/wp\/v2\/product_brand?post=98"},{"taxonomy":"product_cat","embeddable":true,"href":"https:\/\/diyinsumos.com\/index.php\/wp-json\/wp\/v2\/product_cat?post=98"},{"taxonomy":"product_tag","embeddable":true,"href":"https:\/\/diyinsumos.com\/index.php\/wp-json\/wp\/v2\/product_tag?post=98"}],"curies":[{"name":"wp","href":"https:\/\/api.w.org\/{rel}","templated":true}]}}